{"id":238962,"date":"2021-01-11T12:08:27","date_gmt":"2021-01-11T12:08:27","guid":{"rendered":"https:\/\/kemenysepromester.qmm.hu\/?page_id=238962"},"modified":"2024-11-18T14:13:24","modified_gmt":"2024-11-18T14:13:24","slug":"ellatasi-terulet","status":"publish","type":"page","link":"https:\/\/pestikemenysepro.hu\/?page_id=238962","title":{"rendered":"Ell\u00e1t\u00e1si ter\u00fclet"},"content":{"rendered":"<p>[et_pb_section fb_built=&#8221;1&#8243; disabled_on=&#8221;off|off|off&#8221; admin_label=&#8221;Contact Section&#8221; _builder_version=&#8221;4.23.1&#8243; use_background_color_gradient=&#8221;on&#8221; background_color_gradient_direction=&#8221;285deg&#8221; background_color_gradient_stops=&#8221;#e5a74b 50%|#ffffff 50%&#8221; background_color_gradient_start=&#8221;#e5a74b&#8221; background_color_gradient_start_position=&#8221;50%&#8221; background_color_gradient_end=&#8221;#ffffff&#8221; background_color_gradient_end_position=&#8221;0%&#8221; custom_padding=&#8221;90px||90px|&#8221; global_colors_info=&#8221;{}&#8221;][et_pb_row column_structure=&#8221;1_2,1_2&#8243; admin_label=&#8221;Contact Area&#8221; module_class=&#8221; et_pb_row_fullwidth&#8221; _builder_version=&#8221;4.16&#8243; background_size=&#8221;initial&#8221; background_position=&#8221;top_left&#8221; background_repeat=&#8221;repeat&#8221; width=&#8221;89%&#8221; width_tablet=&#8221;80%&#8221; width_phone=&#8221;&#8221; width_last_edited=&#8221;on|desktop&#8221; max_width=&#8221;89%&#8221; max_width_tablet=&#8221;80%&#8221; max_width_phone=&#8221;&#8221; max_width_last_edited=&#8221;on|desktop&#8221; custom_margin=&#8221;|||&#8221; custom_padding=&#8221;27px|0px|27px|0px&#8221; make_fullwidth=&#8221;on&#8221; global_colors_info=&#8221;{}&#8221;][et_pb_column type=&#8221;1_2&#8243; _builder_version=&#8221;4.16&#8243; _module_preset=&#8221;default&#8221; global_colors_info=&#8221;{}&#8221;][et_pb_image src=&#8221;https:\/\/pestikemenysepro.hu\/wp-content\/uploads\/2023\/11\/pestikemenysepro-logo.png&#8221; title_text=&#8221;pestikemenysepro-logo&#8221; align_tablet=&#8221;center&#8221; align_phone=&#8221;&#8221; align_last_edited=&#8221;on|desktop&#8221; _builder_version=&#8221;4.23.1&#8243; width=&#8221;35.4%&#8221; max_width=&#8221;81%&#8221; custom_margin=&#8221;|||5px||&#8221; animation_style=&#8221;slide&#8221; animation_direction=&#8221;right&#8221; animation_intensity_slide=&#8221;20%&#8221; animation_starting_opacity=&#8221;100%&#8221; global_colors_info=&#8221;{}&#8221;][\/et_pb_image][\/et_pb_column][et_pb_column type=&#8221;1_2&#8243; _builder_version=&#8221;4.16&#8243; custom_padding=&#8221;50px|5%|50px|10%&#8221; global_colors_info=&#8221;{}&#8221; custom_padding__hover=&#8221;|||&#8221;][et_pb_text admin_label=&#8221;Hero Section Title&#8221; _builder_version=&#8221;4.23.1&#8243; text_font=&#8221;Montserrat||||||||&#8221; text_text_color=&#8221;#ffffff&#8221; text_font_size=&#8221;18px&#8221; text_line_height=&#8221;1.8em&#8221; header_font=&#8221;Montserrat|600||on|||||&#8221; header_text_color=&#8221;#ffffff&#8221; header_font_size=&#8221;48px&#8221; header_letter_spacing=&#8221;3px&#8221; header_line_height=&#8221;1.3em&#8221; header_2_font=&#8221;Montserrat|700|||||||&#8221; header_2_text_color=&#8221;rgba(255,255,255,0.6)&#8221; header_2_font_size=&#8221;90px&#8221; header_2_letter_spacing=&#8221;3px&#8221; header_2_line_height=&#8221;1.1em&#8221; max_width=&#8221;700px&#8221; module_alignment=&#8221;left&#8221; custom_margin=&#8221;|||&#8221; animation_style=&#8221;fade&#8221; animation_direction=&#8221;bottom&#8221; animation_starting_opacity=&#8221;100%&#8221; header_font_size_tablet=&#8221;&#8221; header_font_size_phone=&#8221;28px&#8221; header_font_size_last_edited=&#8221;on|phone&#8221; header_2_font_size_tablet=&#8221;&#8221; header_2_font_size_phone=&#8221;50px&#8221; header_2_font_size_last_edited=&#8221;on|phone&#8221; global_colors_info=&#8221;{}&#8221;]<\/p>\n<h1><span style=\"font-size: xx-large; color: #000000;\">Ell\u00e1t\u00e1si ter\u00fclet<\/span><\/h1>\n<p><span style=\"font-size: 18px; color: #000000;\"><\/span><\/p>\n<p>[\/et_pb_text][et_pb_blurb icon_placement=&#8221;left&#8221; content_max_width=&#8221;1100px&#8221; _builder_version=&#8221;4.23.1&#8243; header_font=&#8221;Montserrat|600|||||||&#8221; header_text_color=&#8221;#ffffff&#8221; header_font_size=&#8221;20px&#8221; body_font=&#8221;||||||||&#8221; body_text_color=&#8221;#ffffff&#8221; body_font_size=&#8221;19px&#8221; body_line_height=&#8221;1.8em&#8221; animation_style=&#8221;fold&#8221; animation_direction=&#8221;left&#8221; animation_intensity_fold=&#8221;20%&#8221; animation_starting_opacity=&#8221;100%&#8221; global_colors_info=&#8221;{}&#8221;]<\/p>\n<p><strong><span style=\"color: #000000;\">\u26ab Budapest teljes k\u00f6zigazgat\u00e1si ter\u00fclete<\/span><\/strong><\/p>\n<p><strong><span style=\"color: #000000;\">\u26ab Pest V\u00e1rmegye teljes k\u00f6zigazgat\u00e1si ter\u00fclete<\/span><\/strong><\/p>\n<p><strong><span style=\"color: #000000;\">\u26ab Gy\u0151r-Moson-Sopron V\u00e1rmegye teljes k\u00f6zigazgat\u00e1si ter\u00fclete<\/span><\/strong><\/p>\n<p><strong><span style=\"color: #000000;\">\u26ab J\u00e1sz-Nagykun-Szolnok V\u00e1rmegye teljes k\u00f6zigazgat\u00e1si ter\u00fclete<\/span><\/strong><\/p>\n<p><strong><span style=\"color: #000000;\">\u26ab Kom\u00e1rom-Esztergom V\u00e1rmegye teljes k\u00f6zigazgat\u00e1si ter\u00fclete<\/span><\/strong><\/p>\n<p><strong><span style=\"color: #000000;\"><\/span><\/strong><\/p>\n<p><strong><span style=\"color: #000000;\">\u00a0<\/span><\/strong><\/p>\n<p>[\/et_pb_blurb][\/et_pb_column][\/et_pb_row][\/et_pb_section][et_pb_section fb_built=&#8221;1&#8243; disabled_on=&#8221;on|on|on&#8221; admin_label=&#8221;Contact Form Section&#8221; _builder_version=&#8221;4.23.1&#8243; background_enable_color=&#8221;off&#8221; background_image=&#8221;https:\/\/kemenyseproexpert.hu\/wp-content\/uploads\/2020\/12\/kapcsolat-1.jpg&#8221; custom_padding=&#8221;90px||90px|&#8221; disabled=&#8221;on&#8221; global_colors_info=&#8221;{}&#8221;][et_pb_row admin_label=&#8221;Section Title&#8221; _builder_version=&#8221;4.16&#8243; custom_margin=&#8221;|||&#8221; custom_padding=&#8221;||0px|&#8221; use_custom_width=&#8221;on&#8221; global_colors_info=&#8221;{}&#8221;][et_pb_column type=&#8221;4_4&#8243; _builder_version=&#8221;4.16&#8243; custom_padding=&#8221;|||&#8221; global_colors_info=&#8221;{}&#8221; custom_padding__hover=&#8221;|||&#8221;][et_pb_text admin_label=&#8221;Title&#8221; _builder_version=&#8221;4.16&#8243; text_font=&#8221;||||||||&#8221; text_text_color=&#8221;#ffffff&#8221; header_font=&#8221;||||||||&#8221; header_text_color=&#8221;#ffffff&#8221; header_2_font=&#8221;Montserrat|600||on|||||&#8221; header_2_text_align=&#8221;center&#8221; header_2_text_color=&#8221;#ffffff&#8221; header_2_font_size=&#8221;30px&#8221; header_2_line_height=&#8221;1.5em&#8221; text_orientation=&#8221;center&#8221; custom_margin=&#8221;||5px|&#8221; animation_style=&#8221;slide&#8221; animation_direction=&#8221;top&#8221; animation_intensity_slide=&#8221;20%&#8221; animation_starting_opacity=&#8221;100%&#8221; global_colors_info=&#8221;{}&#8221;]<\/p>\n<h2>\u00cdrjon nek\u00fcnk<\/h2>\n<p>[\/et_pb_text][et_pb_divider divider_weight=&#8221;3px&#8221; _builder_version=&#8221;4.16&#8243; max_width=&#8221;23px&#8221; module_alignment=&#8221;center&#8221; animation_style=&#8221;slide&#8221; animation_direction=&#8221;top&#8221; animation_intensity_slide=&#8221;20%&#8221; animation_starting_opacity=&#8221;100%&#8221; global_colors_info=&#8221;{}&#8221;][\/et_pb_divider][\/et_pb_column][\/et_pb_row][et_pb_row admin_label=&#8221;Contact Form Area&#8221; _builder_version=&#8221;4.16&#8243; global_colors_info=&#8221;{}&#8221;][et_pb_column type=&#8221;4_4&#8243; _builder_version=&#8221;4.16&#8243; custom_padding=&#8221;|||&#8221; global_colors_info=&#8221;{}&#8221; custom_padding__hover=&#8221;|||&#8221;][et_pb_contact_form use_spam_service=&#8221;on&#8221; recaptcha_list=&#8221;Qmm Kemenysepromester|Qmm Kemenysepromester-0&#8243; email=&#8221;info@pestikemenysepro.hu&#8221; success_message=&#8221;K\u00f6sz\u00f6nj\u00fck \u00fczenet\u00e9t, hamarosan felvessz\u00fck \u00d6nnel a kapcsolatot a megadott el\u00e9rhet\u0151s\u00e9gek egyik\u00e9n!&#8221; submit_button_text=&#8221;\u00dczenet elk\u00fcld\u00e9se&#8221; module_id=&#8221;et_pb_contact_form_0&#8243; _builder_version=&#8221;4.23.1&#8243; _unique_id=&#8221;e438798d-ed78-4bcf-a2e7-6c88b482a577&#8243; form_field_background_color=&#8221;#ffffff&#8221; title_font=&#8221;||||||||&#8221; title_text_color=&#8221;#ffffff&#8221; form_field_font=&#8221;||||||||&#8221; form_field_font_size=&#8221;16px&#8221; form_field_line_height=&#8221;1.8em&#8221; custom_button=&#8221;on&#8221; button_text_size=&#8221;16px&#8221; button_text_color=&#8221;#ffffff&#8221; button_bg_color=&#8221;#d6a863&#8243; button_border_width=&#8221;8px&#8221; button_border_color=&#8221;#d6a863&#8243; button_letter_spacing=&#8221;2px&#8221; button_font=&#8221;Montserrat|600||on|||||&#8221; module_alignment=&#8221;center&#8221; animation_style=&#8221;fade&#8221; border_width_all=&#8221;1px&#8221; border_color_all=&#8221;rgba(0,0,0,0.12)&#8221; form_background_color=&#8221;#ffffff&#8221; global_colors_info=&#8221;{}&#8221;][et_pb_contact_field field_id=&#8221;full_name&#8221; field_title=&#8221;N\u00e9v&#8221; _builder_version=&#8221;4.16&#8243; global_colors_info=&#8221;{}&#8221; button_text_size__hover_enabled=&#8221;off&#8221; button_one_text_size__hover_enabled=&#8221;off&#8221; button_two_text_size__hover_enabled=&#8221;off&#8221; button_text_color__hover_enabled=&#8221;off&#8221; button_one_text_color__hover_enabled=&#8221;off&#8221; button_two_text_color__hover_enabled=&#8221;off&#8221; button_border_width__hover_enabled=&#8221;off&#8221; button_one_border_width__hover_enabled=&#8221;off&#8221; button_two_border_width__hover_enabled=&#8221;off&#8221; button_border_color__hover_enabled=&#8221;off&#8221; button_one_border_color__hover_enabled=&#8221;off&#8221; button_two_border_color__hover_enabled=&#8221;off&#8221; button_border_radius__hover_enabled=&#8221;off&#8221; button_one_border_radius__hover_enabled=&#8221;off&#8221; button_two_border_radius__hover_enabled=&#8221;off&#8221; button_letter_spacing__hover_enabled=&#8221;off&#8221; button_one_letter_spacing__hover_enabled=&#8221;off&#8221; button_two_letter_spacing__hover_enabled=&#8221;off&#8221; button_bg_color__hover_enabled=&#8221;off&#8221; button_one_bg_color__hover_enabled=&#8221;off&#8221; button_two_bg_color__hover_enabled=&#8221;off&#8221;][\/et_pb_contact_field][et_pb_contact_field field_id=&#8221;email&#8221; field_title=&#8221;E-mail c\u00edm&#8221; field_type=&#8221;email&#8221; _builder_version=&#8221;4.16&#8243; global_colors_info=&#8221;{}&#8221; button_text_size__hover_enabled=&#8221;off&#8221; button_one_text_size__hover_enabled=&#8221;off&#8221; button_two_text_size__hover_enabled=&#8221;off&#8221; button_text_color__hover_enabled=&#8221;off&#8221; button_one_text_color__hover_enabled=&#8221;off&#8221; button_two_text_color__hover_enabled=&#8221;off&#8221; button_border_width__hover_enabled=&#8221;off&#8221; button_one_border_width__hover_enabled=&#8221;off&#8221; button_two_border_width__hover_enabled=&#8221;off&#8221; button_border_color__hover_enabled=&#8221;off&#8221; button_one_border_color__hover_enabled=&#8221;off&#8221; button_two_border_color__hover_enabled=&#8221;off&#8221; button_border_radius__hover_enabled=&#8221;off&#8221; button_one_border_radius__hover_enabled=&#8221;off&#8221; button_two_border_radius__hover_enabled=&#8221;off&#8221; button_letter_spacing__hover_enabled=&#8221;off&#8221; button_one_letter_spacing__hover_enabled=&#8221;off&#8221; button_two_letter_spacing__hover_enabled=&#8221;off&#8221; button_bg_color__hover_enabled=&#8221;off&#8221; button_one_bg_color__hover_enabled=&#8221;off&#8221; button_two_bg_color__hover_enabled=&#8221;off&#8221;][\/et_pb_contact_field][et_pb_contact_field field_id=&#8221;subject&#8221; field_title=&#8221;\u00c9rdekl\u0151d\u00e9s t\u00e1rgya&#8221; field_type=&#8221;email&#8221; _builder_version=&#8221;4.16&#8243; global_colors_info=&#8221;{}&#8221; button_text_size__hover_enabled=&#8221;off&#8221; button_one_text_size__hover_enabled=&#8221;off&#8221; button_two_text_size__hover_enabled=&#8221;off&#8221; button_text_color__hover_enabled=&#8221;off&#8221; button_one_text_color__hover_enabled=&#8221;off&#8221; button_two_text_color__hover_enabled=&#8221;off&#8221; button_border_width__hover_enabled=&#8221;off&#8221; button_one_border_width__hover_enabled=&#8221;off&#8221; button_two_border_width__hover_enabled=&#8221;off&#8221; button_border_color__hover_enabled=&#8221;off&#8221; button_one_border_color__hover_enabled=&#8221;off&#8221; button_two_border_color__hover_enabled=&#8221;off&#8221; button_border_radius__hover_enabled=&#8221;off&#8221; button_one_border_radius__hover_enabled=&#8221;off&#8221; button_two_border_radius__hover_enabled=&#8221;off&#8221; button_letter_spacing__hover_enabled=&#8221;off&#8221; button_one_letter_spacing__hover_enabled=&#8221;off&#8221; button_two_letter_spacing__hover_enabled=&#8221;off&#8221; button_bg_color__hover_enabled=&#8221;off&#8221; button_one_bg_color__hover_enabled=&#8221;off&#8221; button_two_bg_color__hover_enabled=&#8221;off&#8221;][\/et_pb_contact_field][et_pb_contact_field field_id=&#8221;phone&#8221; field_title=&#8221;Telefonsz\u00e1m&#8221; required_mark=&#8221;off&#8221; _builder_version=&#8221;4.16&#8243; global_colors_info=&#8221;{}&#8221; button_text_size__hover_enabled=&#8221;off&#8221; button_one_text_size__hover_enabled=&#8221;off&#8221; button_two_text_size__hover_enabled=&#8221;off&#8221; button_text_color__hover_enabled=&#8221;off&#8221; button_one_text_color__hover_enabled=&#8221;off&#8221; button_two_text_color__hover_enabled=&#8221;off&#8221; button_border_width__hover_enabled=&#8221;off&#8221; button_one_border_width__hover_enabled=&#8221;off&#8221; button_two_border_width__hover_enabled=&#8221;off&#8221; button_border_color__hover_enabled=&#8221;off&#8221; button_one_border_color__hover_enabled=&#8221;off&#8221; button_two_border_color__hover_enabled=&#8221;off&#8221; button_border_radius__hover_enabled=&#8221;off&#8221; button_one_border_radius__hover_enabled=&#8221;off&#8221; button_two_border_radius__hover_enabled=&#8221;off&#8221; button_letter_spacing__hover_enabled=&#8221;off&#8221; button_one_letter_spacing__hover_enabled=&#8221;off&#8221; button_two_letter_spacing__hover_enabled=&#8221;off&#8221; button_bg_color__hover_enabled=&#8221;off&#8221; button_one_bg_color__hover_enabled=&#8221;off&#8221; button_two_bg_color__hover_enabled=&#8221;off&#8221;][\/et_pb_contact_field][et_pb_contact_field field_id=&#8221;message&#8221; field_title=&#8221;\u00dczenet sz\u00f6vege&#8221; field_type=&#8221;text&#8221; fullwidth_field=&#8221;on&#8221; _builder_version=&#8221;4.16&#8243; global_colors_info=&#8221;{}&#8221; button_text_size__hover_enabled=&#8221;off&#8221; button_one_text_size__hover_enabled=&#8221;off&#8221; button_two_text_size__hover_enabled=&#8221;off&#8221; button_text_color__hover_enabled=&#8221;off&#8221; button_one_text_color__hover_enabled=&#8221;off&#8221; button_two_text_color__hover_enabled=&#8221;off&#8221; button_border_width__hover_enabled=&#8221;off&#8221; button_one_border_width__hover_enabled=&#8221;off&#8221; button_two_border_width__hover_enabled=&#8221;off&#8221; button_border_color__hover_enabled=&#8221;off&#8221; button_one_border_color__hover_enabled=&#8221;off&#8221; button_two_border_color__hover_enabled=&#8221;off&#8221; button_border_radius__hover_enabled=&#8221;off&#8221; button_one_border_radius__hover_enabled=&#8221;off&#8221; button_two_border_radius__hover_enabled=&#8221;off&#8221; button_letter_spacing__hover_enabled=&#8221;off&#8221; button_one_letter_spacing__hover_enabled=&#8221;off&#8221; button_two_letter_spacing__hover_enabled=&#8221;off&#8221; button_bg_color__hover_enabled=&#8221;off&#8221; button_one_bg_color__hover_enabled=&#8221;off&#8221; button_two_bg_color__hover_enabled=&#8221;off&#8221;][\/et_pb_contact_field][\/et_pb_contact_form][\/et_pb_column][\/et_pb_row][\/et_pb_section]<\/p>\n","protected":false},"excerpt":{"rendered":"<p>Ell\u00e1t\u00e1si ter\u00fclet \u26ab Budapest teljes k\u00f6zigazgat\u00e1si ter\u00fclete \u26ab Pest V\u00e1rmegye teljes k\u00f6zigazgat\u00e1si ter\u00fclete \u26ab Gy\u0151r-Moson-Sopron V\u00e1rmegye teljes k\u00f6zigazgat\u00e1si ter\u00fclete \u26ab J\u00e1sz-Nagykun-Szolnok V\u00e1rmegye teljes k\u00f6zigazgat\u00e1si ter\u00fclete \u26ab Kom\u00e1rom-Esztergom V\u00e1rmegye teljes k\u00f6zigazgat\u00e1si ter\u00fclete \u00a0\u00cdrjon nek\u00fcnk<\/p>\n","protected":false},"author":5,"featured_media":0,"parent":0,"menu_order":0,"comment_status":"closed","ping_status":"closed","template":"","meta":{"_et_pb_use_builder":"on","_et_pb_old_content":"","_et_gb_content_width":"","footnotes":""},"_links":{"self":[{"href":"https:\/\/pestikemenysepro.hu\/index.php?rest_route=\/wp\/v2\/pages\/238962"}],"collection":[{"href":"https:\/\/pestikemenysepro.hu\/index.php?rest_route=\/wp\/v2\/pages"}],"about":[{"href":"https:\/\/pestikemenysepro.hu\/index.php?rest_route=\/wp\/v2\/types\/page"}],"author":[{"embeddable":true,"href":"https:\/\/pestikemenysepro.hu\/index.php?rest_route=\/wp\/v2\/users\/5"}],"replies":[{"embeddable":true,"href":"https:\/\/pestikemenysepro.hu\/index.php?rest_route=%2Fwp%2Fv2%2Fcomments&post=238962"}],"version-history":[{"count":15,"href":"https:\/\/pestikemenysepro.hu\/index.php?rest_route=\/wp\/v2\/pages\/238962\/revisions"}],"predecessor-version":[{"id":239226,"href":"https:\/\/pestikemenysepro.hu\/index.php?rest_route=\/wp\/v2\/pages\/238962\/revisions\/239226"}],"wp:attachment":[{"href":"https:\/\/pestikemenysepro.hu\/index.php?rest_route=%2Fwp%2Fv2%2Fmedia&parent=238962"}],"curies":[{"name":"wp","href":"https:\/\/api.w.org\/{rel}","templated":true}]}}